{"id":179,"date":"2025-10-29T12:29:50","date_gmt":"2025-10-29T12:29:50","guid":{"rendered":"https:\/\/voolubox.ee\/?page_id=179"},"modified":"2026-04-02T07:30:22","modified_gmt":"2026-04-02T07:30:22","slug":"meie-teenused","status":"publish","type":"page","link":"https:\/\/voolubox.ee\/avaleht\/meie-teenused\/","title":{"rendered":"MEIE TEENUSED"},"content":{"rendered":"\n<div class=\"wp-block-cover alignfull has-custom-content-position is-position-bottom-left\" style=\"padding-top:var(--wp--preset--spacing--20);padding-right:0;padding-bottom:var(--wp--preset--spacing--20);padding-left:0;min-height:739px;aspect-ratio:unset;\"><img loading=\"lazy\" decoding=\"async\" width=\"1024\" height=\"683\" class=\"wp-block-cover__image-background wp-image-337 size-large\" alt=\"\" src=\"https:\/\/voolubox.ee\/wp-content\/uploads\/2025\/11\/728e2836-87f7-4414-8714-013af4750d02-1024x683.png\" style=\"object-position:100% 0%\" data-object-fit=\"cover\" data-object-position=\"100% 0%\" srcset=\"https:\/\/voolubox.ee\/wp-content\/uploads\/2025\/11\/728e2836-87f7-4414-8714-013af4750d02-1024x683.png 1024w, https:\/\/voolubox.ee\/wp-content\/uploads\/2025\/11\/728e2836-87f7-4414-8714-013af4750d02-300x200.png 300w, https:\/\/voolubox.ee\/wp-content\/uploads\/2025\/11\/728e2836-87f7-4414-8714-013af4750d02-768x512.png 768w, https:\/\/voolubox.ee\/wp-content\/uploads\/2025\/11\/728e2836-87f7-4414-8714-013af4750d02-600x400.png 600w, https:\/\/voolubox.ee\/wp-content\/uploads\/2025\/11\/728e2836-87f7-4414-8714-013af4750d02.png 1536w\" sizes=\"auto, (max-width: 1024px) 100vw, 1024px\" \/><span aria-hidden=\"true\" class=\"wp-block-cover__background has-background-dim-30 has-background-dim\" style=\"background-color:#559581\"><\/span><div class=\"wp-block-cover__inner-container is-layout-flow wp-block-cover-is-layout-flow\">\n<div class=\"wp-block-group is-layout-flow wp-block-group-is-layout-flow\" style=\"padding-right:60px;padding-left:60px\">\n<h2 class=\"wp-block-heading has-background-color has-text-color has-link-color has-geom-font-family wp-elements-48bf0a6d5c24210b22b1763bfdd808b2\" id=\"just-arrived\" style=\"font-size:clamp(26.465px, 1.654rem + ((1vw - 3.2px) * 1.931), 45px);\">KIIRLAADIMISTEENUS mahus 10kWh kuni 50kWh<\/h2>\n\n\n\n<div class=\"wp-block-buttons is-content-justification-center is-layout-flex wp-container-core-buttons-is-layout-a89b3969 wp-block-buttons-is-layout-flex\">\n<div class=\"wp-block-button is-style-fill\"><a class=\"wp-block-button__link has-foreground-color has-text-color has-background has-link-color has-custom-font-size wp-element-button\" style=\"background-color:#f0af1a;font-size:clamp(15.197px, 0.95rem + ((1vw - 3.2px) * 0.813), 23px);\"><strong>Harjumaa piires 0.89\u20ac\/kWh<\/strong><\/a><\/div>\n<\/div>\n\n\n\n<p class=\"has-background-color has-text-color has-link-color wp-elements-845bfb95ed85c26efc55cdbe05dba4ac\">*Hind <strong>0.89\u20ac\/kWh<\/strong> kehtib laadimistele Harjumaa piires. Kiirlaadimisteenuse l\u00f5plik maksumus s\u00f5ltub soovitud laadimismahust. Minimaalne laadimismahtuvus on 10kWh. <\/p>\n\n\n\n<p class=\"has-background-color has-text-color has-link-color wp-elements-9194a69512d49a9c3af5144f8f805136\">Meil on kasutusel <strong>CCS2 <\/strong>pistik ja <strong>CHAdeMO <\/strong>adapter.<\/p>\n\n\n\n<p class=\"has-background-color has-text-color has-link-color wp-elements-bd78c896a0e4060ab0f32478e08dbb79\">Kiirlaadimisteenust on v\u00f5imalik ka <strong>ette broneerida<\/strong> alloleva vormi kaudu v\u00f5i helistades meile. Hea meelega tuleme appi ka v\u00e4ljaspool Harjumaad &#8211; k\u00fcsi pakkumist!<\/p>\n<\/div>\n<\/div><\/div>\n\n\n\n<div class=\"wp-block-group has-global-padding is-layout-constrained wp-block-group-is-layout-constrained\"><\/div>\n\n\n\n<div class=\"wp-block-group alignfull has-tertiary-background-color has-background has-global-padding is-layout-constrained wp-container-core-group-is-layout-899e6947 wp-block-group-is-layout-constrained\" style=\"padding-top:var(--wp--preset--spacing--60);padding-right:0;padding-bottom:var(--wp--preset--spacing--60);padding-left:0\"><\/div>\n","protected":false},"excerpt":{"rendered":"","protected":false},"author":1,"featured_media":0,"parent":0,"menu_order":0,"comment_status":"closed","ping_status":"closed","template":"page-with-title","meta":{"om_disable_all_campaigns":false,"_monsterinsights_skip_tracking":false,"_monsterinsights_sitenote_active":false,"_monsterinsights_sitenote_note":"","_monsterinsights_sitenote_category":0,"footnotes":""},"class_list":["post-179","page","type-page","status-publish","hentry"],"aioseo_notices":[],"jetpack_sharing_enabled":true,"_links":{"self":[{"href":"https:\/\/voolubox.ee\/avaleht\/wp-json\/wp\/v2\/pages\/179","targetHints":{"allow":["GET"]}}],"collection":[{"href":"https:\/\/voolubox.ee\/avaleht\/wp-json\/wp\/v2\/pages"}],"about":[{"href":"https:\/\/voolubox.ee\/avaleht\/wp-json\/wp\/v2\/types\/page"}],"author":[{"embeddable":true,"href":"https:\/\/voolubox.ee\/avaleht\/wp-json\/wp\/v2\/users\/1"}],"replies":[{"embeddable":true,"href":"https:\/\/voolubox.ee\/avaleht\/wp-json\/wp\/v2\/comments?post=179"}],"version-history":[{"count":25,"href":"https:\/\/voolubox.ee\/avaleht\/wp-json\/wp\/v2\/pages\/179\/revisions"}],"predecessor-version":[{"id":631,"href":"https:\/\/voolubox.ee\/avaleht\/wp-json\/wp\/v2\/pages\/179\/revisions\/631"}],"wp:attachment":[{"href":"https:\/\/voolubox.ee\/avaleht\/wp-json\/wp\/v2\/media?parent=179"}],"curies":[{"name":"wp","href":"https:\/\/api.w.org\/{rel}","templated":true}]}}