{"id":236,"date":"2025-11-10T21:58:09","date_gmt":"2025-11-10T21:58:09","guid":{"rendered":"https:\/\/voolubox.ee\/?page_id=236"},"modified":"2026-01-06T12:06:26","modified_gmt":"2026-01-06T12:06:26","slug":"kkk","status":"publish","type":"page","link":"https:\/\/voolubox.ee\/avaleht\/kkk\/","title":{"rendered":"KORDUMA KIPPUVAD K\u00dcSIMUSED"},"content":{"rendered":"\n<div data-schema-only=\"false\" class=\"wp-block-aioseo-faq alignwide has-background\" style=\"background-color:#d6bb6c;margin-top:var(--wp--preset--spacing--20);margin-right:0;margin-bottom:var(--wp--preset--spacing--20);margin-left:0;padding-top:0.1rem;padding-bottom:0.1rem;line-height:1.5\"><h4 class=\"aioseo-faq-block-question\"><strong><strong>Mis on VooluBoxi kiirlaadimisteenus ja kellele on see m\u00f5eldud?<\/strong><\/strong><\/h4><div class=\"aioseo-faq-block-answer\">\n<p class=\"has-custom-color-3-color has-text-color has-background has-link-color wp-elements-ce6ea4f553165e992d8f34f91eb0b0b3\" style=\"background-color:#ffffff40\">VooluBox pakub <strong>elektriauto omanikele<\/strong> mobiilset elektriautode laadimisteenust, st toob laadimise otse kliendi juurde. Pakume nii <strong>eeltellitavat laadimist<\/strong> kui ka <strong>24\/7 autoabi laadimist<\/strong> juhtudel, kui aku on t\u00fchjaks saanud ja l\u00e4him laadija on k\u00e4ttesaamatu. Teenust saab kasutada nii parklas, kodus, t\u00f6\u00f6 juures kui ka teel h\u00e4tta j\u00e4\u00e4des.<\/p>\n<\/div><\/div>\n\n\n\n<div data-schema-only=\"false\" class=\"wp-block-aioseo-faq alignwide has-background\" style=\"background-color:#d6bb6c;margin-top:var(--wp--preset--spacing--20);margin-right:0;margin-bottom:var(--wp--preset--spacing--20);margin-left:0;padding-top:0.1rem;padding-bottom:0.1rem;line-height:1.5\"><h4 class=\"aioseo-faq-block-question\"><strong>Milliseid kiirlaadimisstandardeid VooluBox pakub?<\/strong><\/h4><div class=\"aioseo-faq-block-answer\">\n<div class=\"wp-block-media-text has-media-on-the-right is-stacked-on-mobile is-style-default has-background\" style=\"background-color:#ffffff40;margin-top:var(--wp--preset--spacing--20);margin-bottom:var(--wp--preset--spacing--20);grid-template-columns:auto 42%\"><div class=\"wp-block-media-text__content\">\n<p>Meil on kasutusel <strong>CCS2 <\/strong>pistik ja meie seadmega sobituv <strong>CHAdeMO<\/strong> adapter.<\/p>\n<\/div><figure class=\"wp-block-media-text__media\"><img loading=\"lazy\" decoding=\"async\" width=\"1280\" height=\"720\" src=\"https:\/\/voolubox.ee\/wp-content\/uploads\/2025\/12\/EV-charging-adapter-in-turquoise-box-edited.png\" alt=\"\" class=\"wp-image-591 size-full\" srcset=\"https:\/\/voolubox.ee\/wp-content\/uploads\/2025\/12\/EV-charging-adapter-in-turquoise-box-edited.png 1280w, https:\/\/voolubox.ee\/wp-content\/uploads\/2025\/12\/EV-charging-adapter-in-turquoise-box-edited-300x169.png 300w, https:\/\/voolubox.ee\/wp-content\/uploads\/2025\/12\/EV-charging-adapter-in-turquoise-box-edited-1024x576.png 1024w, https:\/\/voolubox.ee\/wp-content\/uploads\/2025\/12\/EV-charging-adapter-in-turquoise-box-edited-768x432.png 768w, https:\/\/voolubox.ee\/wp-content\/uploads\/2025\/12\/EV-charging-adapter-in-turquoise-box-edited-600x338.png 600w\" sizes=\"auto, (max-width: 1280px) 100vw, 1280px\" \/><\/figure><\/div>\n<\/div><\/div>\n\n\n\n<div data-schema-only=\"false\" class=\"wp-block-aioseo-faq alignwide has-background\" style=\"background-color:#d6bb6c;margin-top:var(--wp--preset--spacing--20);margin-right:0;margin-bottom:var(--wp--preset--spacing--20);margin-left:0;padding-top:0.1rem;padding-bottom:0.1rem;line-height:1.5\"><h4 class=\"aioseo-faq-block-question\"><strong><strong>Kuidas laadimisteenuse kohale tellimine toimub?<\/strong><\/strong><\/h4><div class=\"aioseo-faq-block-answer\">\n<p class=\"has-custom-color-3-color has-text-color has-background has-link-color wp-elements-16558e96014879e5283bad3d04b29193\" style=\"background-color:#ffffff40\"><strong>Tellid<\/strong> laadimise veebist v\u00f5i telefoni teel <strong>-&gt;<\/strong> VooluBox <strong>saabub<\/strong> sinu s\u00f5iduki asukohta <strong>-&gt;<\/strong> Auto <strong>laetakse<\/strong> kohapeal meie mobiilse laadimisseadmega <strong>-&gt;<\/strong> V\u00f5id <strong>j\u00e4tkata s\u00f5itu <\/strong>kohe, kui oled saanud soovitud mahus kWh.<\/p>\n<\/div><\/div>\n\n\n\n<div data-schema-only=\"false\" class=\"wp-block-aioseo-faq alignwide has-background\" style=\"background-color:#d6bb6c;margin-top:var(--wp--preset--spacing--20);margin-right:0;margin-bottom:var(--wp--preset--spacing--20);margin-left:0;padding-top:0.1rem;padding-bottom:0.1rem;line-height:1.5\"><h4 class=\"aioseo-faq-block-question\"><strong>Kas laadimine on ohutu?<\/strong><\/h4><div class=\"aioseo-faq-block-answer\">\n<p class=\"has-custom-color-3-color has-text-color has-background has-link-color wp-elements-41e2f78aa0dcbe37d2cee73fab93ff20\" style=\"background-color:#ffffff40\"><strong>Kindlasti! <\/strong>Meie laadimine on sama ohutu kui laadimine tavalises statsionaarses laadimisjaamas. Meie seade on CE-sertifitseeritud, kasutab LFP akut ja <strong>vastab k\u00f5igile Euroopa Liidu direktiividele ja ohutusstandarditele<\/strong>.<\/p>\n<\/div><\/div>\n\n\n\n<div data-schema-only=\"false\" class=\"wp-block-aioseo-faq alignwide has-background\" style=\"background-color:#d6bb6c;margin-top:var(--wp--preset--spacing--20);margin-right:0;margin-bottom:var(--wp--preset--spacing--20);margin-left:0;padding-top:0.1rem;padding-bottom:0.1rem;line-height:1.5\"><h4 class=\"aioseo-faq-block-question\"><strong>Kuidas kujuneb hind?<\/strong><\/h4><div class=\"aioseo-faq-block-answer\">\n<p class=\"has-custom-color-3-color has-text-color has-background has-link-color wp-elements-17ea46268ff0fd67b1087d290d036d36\" style=\"background-color:#ffffff40\">Hind kujuneb teenuse tasust (Harjumaal on selleks <strong>19\u20ac<\/strong>) ja soovitud laadimismahust&nbsp;(<strong>0.89\u20ac\/kWh<\/strong>). Kusjuures laadida saab alates 10kWh kuni 50kWh. Vahemikus 22.00-08.00 lisandub \u00f6\u00f6tariifi tasu +20\u20ac. <\/p>\n<\/div><\/div>\n\n\n\n<div data-schema-only=\"false\" class=\"wp-block-aioseo-faq alignwide has-background\" style=\"background-color:#d6bb6c;margin-top:var(--wp--preset--spacing--20);margin-right:0;margin-bottom:var(--wp--preset--spacing--20);margin-left:0;padding-top:0.1rem;padding-bottom:0.1rem;line-height:1.5\"><h4 class=\"aioseo-faq-block-question\"><strong>Kuidas saab maksta?<\/strong><\/h4><div class=\"aioseo-faq-block-answer\">\n<p class=\"has-custom-color-3-color has-text-color has-background has-link-color wp-elements-9b0abd1fda51dc79ece266e7d343e5bc\" style=\"background-color:#ffffff40\">Kohapeal on v\u00f5imalik tasuda <strong>pangalingi <\/strong>v\u00f5i <strong>\u00fclekandega<\/strong>. Eeltellitud teenuse eest on v\u00f5imalik tasuda ka <strong>arve<\/strong> alusel. VooluBox j\u00e4tab endale \u00f5iguse k\u00fcsida teatud juhtudel ka ettemaksu (n\u00e4iteks tellimustele, mis on v\u00e4ljaspool Harjumaad).<\/p>\n<\/div><\/div>\n\n\n\n<div data-schema-only=\"false\" class=\"wp-block-aioseo-faq alignwide has-background\" style=\"background-color:#d6bb6c;margin-right:0;margin-left:0;padding-top:0.1rem;padding-bottom:0.1rem;line-height:1.5\"><h4 class=\"aioseo-faq-block-question\"><strong>Millistes ilmastikutingimustes saab laadida?<\/strong><\/h4><div class=\"aioseo-faq-block-answer\">\n<p class=\"has-custom-color-3-color has-text-color has-background has-link-color wp-elements-1637b6035add515185228cf9a6cd05b6\" style=\"background-color:#ffffff40\">Meie laadija t\u00f6\u00f6tab temperatuurivahemikus <strong>\u201330 \u00b0C kuni +60 \u00b0C<\/strong>, seega saab laadida ka k\u00fclma ilmaga.<\/p>\n<\/div><\/div>\n","protected":false},"excerpt":{"rendered":"","protected":false},"author":1,"featured_media":0,"parent":0,"menu_order":0,"comment_status":"closed","ping_status":"closed","template":"page-with-title","meta":{"om_disable_all_campaigns":false,"_monsterinsights_skip_tracking":false,"_monsterinsights_sitenote_active":false,"_monsterinsights_sitenote_note":"","_monsterinsights_sitenote_category":0,"footnotes":""},"class_list":["post-236","page","type-page","status-publish","hentry"],"aioseo_notices":[],"jetpack_sharing_enabled":true,"_links":{"self":[{"href":"https:\/\/voolubox.ee\/avaleht\/wp-json\/wp\/v2\/pages\/236","targetHints":{"allow":["GET"]}}],"collection":[{"href":"https:\/\/voolubox.ee\/avaleht\/wp-json\/wp\/v2\/pages"}],"about":[{"href":"https:\/\/voolubox.ee\/avaleht\/wp-json\/wp\/v2\/types\/page"}],"author":[{"embeddable":true,"href":"https:\/\/voolubox.ee\/avaleht\/wp-json\/wp\/v2\/users\/1"}],"replies":[{"embeddable":true,"href":"https:\/\/voolubox.ee\/avaleht\/wp-json\/wp\/v2\/comments?post=236"}],"version-history":[{"count":13,"href":"https:\/\/voolubox.ee\/avaleht\/wp-json\/wp\/v2\/pages\/236\/revisions"}],"predecessor-version":[{"id":608,"href":"https:\/\/voolubox.ee\/avaleht\/wp-json\/wp\/v2\/pages\/236\/revisions\/608"}],"wp:attachment":[{"href":"https:\/\/voolubox.ee\/avaleht\/wp-json\/wp\/v2\/media?parent=236"}],"curies":[{"name":"wp","href":"https:\/\/api.w.org\/{rel}","templated":true}]}}