{"id":238,"date":"2025-11-10T22:02:35","date_gmt":"2025-11-10T22:02:35","guid":{"rendered":"https:\/\/voolubox.ee\/?page_id=238"},"modified":"2025-12-22T13:38:50","modified_gmt":"2025-12-22T13:38:50","slug":"vota-uhendust","status":"publish","type":"page","link":"https:\/\/voolubox.ee\/avaleht\/vota-uhendust\/","title":{"rendered":"V\u00d5TA \u00dcHENDUST"},"content":{"rendered":"\n<p><\/p>\n\n\n\n<div class=\"wp-block-cover alignfull is-light\" style=\"margin-top:0;padding-top:5vw;padding-right:5vw;padding-bottom:5vw;padding-left:5vw\"><span aria-hidden=\"true\" class=\"wp-block-cover__background has-background-dim-100 has-background-dim\" style=\"background-color:#d6bb6c\"><\/span><div class=\"wp-block-cover__inner-container is-layout-flow wp-block-cover-is-layout-flow\">\n<div class=\"wp-block-group is-layout-flex wp-container-core-group-is-layout-d0921e6e wp-block-group-is-layout-flex\">\n<div class=\"wp-block-group wp-container-content-8eb0bdf3 is-layout-flow wp-container-core-group-is-layout-634f0b9d wp-block-group-is-layout-flow\">\n<div class=\"wp-block-group has-tertiary-background-color has-background is-vertical is-content-justification-left is-layout-flex wp-container-core-group-is-layout-cd911411 wp-block-group-is-layout-flex\" style=\"margin-top:0;margin-bottom:0\">\n<p class=\"has-custom-color-3-color has-tertiary-background-color has-text-color has-background has-link-color has-small-font-size wp-elements-6658f9b7265f4d98cfebe389cd9e712a\" style=\"line-height:0\"><strong>info.voolubox@gmail.com <\/strong><\/p>\n\n\n\n<p class=\"has-custom-color-3-color has-tertiary-background-color has-text-color has-background has-link-color has-small-font-size wp-elements-b31cc237a4348aa6dc70001eae88022f\" style=\"border-radius:0px;line-height:0\"><strong>+372 533 22 032<\/strong><\/p>\n<\/div>\n\n\n\n<div class=\"wp-block-buttons is-content-justification-left is-layout-flex wp-container-core-buttons-is-layout-9d8a7149 wp-block-buttons-is-layout-flex\">\n<div class=\"wp-block-button\"><a class=\"wp-block-button__link has-custom-color-3-color has-tertiary-background-color has-text-color has-background has-custom-font-size wp-element-button\" href=\"https:\/\/voolubox.ee\/meie-teenused\/\" style=\"border-radius:0px;border-top-style:none;border-top-width:0px;border-right-style:none;border-right-width:0px;border-bottom-style:none;border-bottom-width:0px;border-left-style:none;border-left-width:0px;padding-top:14px;padding-right:36px;padding-bottom:14px;padding-left:36px;font-size:clamp(14px, 0.875rem + ((1vw - 3.2px) * 0.313), 17px);font-style:normal;font-weight:700;letter-spacing:0px;text-decoration:none;text-transform:uppercase\" target=\"_blank\" rel=\"noreferrer noopener\">BRONEERI<\/a><\/div>\n<\/div>\n\n\n\n<p><\/p>\n<\/div>\n\n\n\n<p><\/p>\n\n\n\n<div class=\"wp-block-group wp-container-content-9cfa9a5a is-layout-flow wp-container-core-group-is-layout-d6743c7d wp-block-group-is-layout-flow\">\n<p><\/p>\n\n\n\n<p><\/p>\n\n\n\n<p><\/p>\n\n\n\n<p><\/p>\n\n\n\n<p><\/p>\n\n\n\n<p class=\"has-text-align-right has-background-color has-text-color has-link-color has-large-font-size wp-elements-d0ca7158a7622596692e40fec2f99742\">AUTOABI<\/p>\n\n\n\n<p class=\"has-text-align-right has-tertiary-color has-text-color\" style=\"font-size:clamp(72.137px, 4.509rem + ((1vw - 3.2px) * 9.152), 160px);font-style:normal;font-weight:700;letter-spacing:-4px;line-height:0.8;text-transform:uppercase\">24\/7<\/p>\n<\/div>\n<\/div>\n<\/div><\/div>\n\n\n\n<figure class=\"wp-block-pullquote alignfull has-text-align-left has-tertiary-background-color has-background has-small-font-size\" style=\"padding-right:var(--wp--preset--spacing--50);padding-left:var(--wp--preset--spacing--50)\"><blockquote><p><strong>VooluBox O\u00dc<br><\/strong> Registrikood 17078377<br> VAT number EE102835555<br><br> <strong>Swedbank<\/strong> <br> VOOLUBOX O\u00dc<br> EE482200221088651658<br><br><strong>LHV<\/strong><br>VooluBox O\u00dc <br>EE297700771012488198<\/p><\/blockquote><\/figure>\n\n\n\n<p><\/p>\n","protected":false},"excerpt":{"rendered":"<p>VooluBox O\u00dc Registrikood 17078377 VAT number EE102835555 Swedbank VOOLUBOX O\u00dc EE482200221088651658 LHVVooluBox O\u00dc EE297700771012488198<\/p>\n","protected":false},"author":1,"featured_media":0,"parent":0,"menu_order":0,"comment_status":"closed","ping_status":"closed","template":"page-with-title","meta":{"om_disable_all_campaigns":false,"_monsterinsights_skip_tracking":false,"_monsterinsights_sitenote_active":false,"_monsterinsights_sitenote_note":"","_monsterinsights_sitenote_category":0,"footnotes":""},"class_list":["post-238","page","type-page","status-publish","hentry"],"aioseo_notices":[],"jetpack_sharing_enabled":true,"_links":{"self":[{"href":"https:\/\/voolubox.ee\/avaleht\/wp-json\/wp\/v2\/pages\/238","targetHints":{"allow":["GET"]}}],"collection":[{"href":"https:\/\/voolubox.ee\/avaleht\/wp-json\/wp\/v2\/pages"}],"about":[{"href":"https:\/\/voolubox.ee\/avaleht\/wp-json\/wp\/v2\/types\/page"}],"author":[{"embeddable":true,"href":"https:\/\/voolubox.ee\/avaleht\/wp-json\/wp\/v2\/users\/1"}],"replies":[{"embeddable":true,"href":"https:\/\/voolubox.ee\/avaleht\/wp-json\/wp\/v2\/comments?post=238"}],"version-history":[{"count":17,"href":"https:\/\/voolubox.ee\/avaleht\/wp-json\/wp\/v2\/pages\/238\/revisions"}],"predecessor-version":[{"id":596,"href":"https:\/\/voolubox.ee\/avaleht\/wp-json\/wp\/v2\/pages\/238\/revisions\/596"}],"wp:attachment":[{"href":"https:\/\/voolubox.ee\/avaleht\/wp-json\/wp\/v2\/media?parent=238"}],"curies":[{"name":"wp","href":"https:\/\/api.w.org\/{rel}","templated":true}]}}