{"id":245,"date":"2025-11-10T22:39:48","date_gmt":"2025-11-10T22:39:48","guid":{"rendered":"https:\/\/voolubox.ee\/?page_id=245"},"modified":"2025-12-05T10:48:13","modified_gmt":"2025-12-05T10:48:13","slug":"meist","status":"publish","type":"page","link":"https:\/\/voolubox.ee\/avaleht\/meist\/","title":{"rendered":"KOOST\u00d6\u00d6"},"content":{"rendered":"\n<div class=\"wp-block-group alignfull has-background is-layout-flow wp-block-group-is-layout-flow\" style=\"background-color:#d6bb6c;padding-top:6vw;padding-right:6vw;padding-bottom:6vw;padding-left:6vw\">\n<div class=\"wp-block-group is-content-justification-center is-nowrap is-layout-flex wp-container-core-group-is-layout-2c2b8ce6 wp-block-group-is-layout-flex\" style=\"padding-top:0;padding-right:0;padding-bottom:0;padding-left:0\">\n<p class=\"has-text-align-center has-tertiary-background-color has-background wp-container-content-9cfa9a5a\" style=\"font-size:clamp(0.875rem, 0.875rem + ((1vw - 0.2rem) * 0.708), 1.3rem);\"><strong><span style=\"caret-color: rgb(0, 0, 0); color: rgb(0, 0, 0); font-family: -webkit-standard; font-size: medium; text-align: start; white-space: normal;\">VooluBox on avatud uutele koost\u00f6\u00f6pakkumistele.\u00a0<\/span><br><\/strong><a href=\"mailto:voolubox@gmail.com\" title=\"mailto:info.voolubox@gmail.com\">voolubox@gmail.com<\/a><\/p>\n\n\n\n<figure class=\"wp-block-image size-full is-resized wp-container-content-69bc4bdf\"><img loading=\"lazy\" decoding=\"async\" width=\"456\" height=\"342\" src=\"https:\/\/voolubox.ee\/wp-content\/uploads\/2025\/12\/14675f4b-5a03-42ae-8981-10ff1527bcad_removalai_preview-edited.png\" alt=\"\" class=\"wp-image-485\" style=\"width:283px;height:auto\" srcset=\"https:\/\/voolubox.ee\/wp-content\/uploads\/2025\/12\/14675f4b-5a03-42ae-8981-10ff1527bcad_removalai_preview-edited.png 456w, https:\/\/voolubox.ee\/wp-content\/uploads\/2025\/12\/14675f4b-5a03-42ae-8981-10ff1527bcad_removalai_preview-edited-300x225.png 300w\" sizes=\"auto, (max-width: 456px) 100vw, 456px\" \/><\/figure>\n<\/div>\n\n\n\n<p class=\"has-small-font-size\">*Meil on <strong>kehtiv<\/strong> majandustegevusteade (nr. ELM000160) <strong>elektrienergia m\u00fc\u00fcjana<\/strong> (EMTAK 35151) tegutsemiseks.<\/p>\n<\/div>\n\n\n\n<div class=\"wp-block-group alignfull has-global-padding is-content-justification-center is-layout-constrained wp-container-core-group-is-layout-df757ecc wp-block-group-is-layout-constrained\" style=\"margin-top:0;margin-bottom:0;padding-top:calc( 0.5 * var(--wp--style--root--padding-right, var(--wp--custom--gap--horizontal)));padding-right:var(--wp--style--root--padding-right, var(--wp--custom--gap--horizontal));padding-bottom:calc( 0.5 * var(--wp--style--root--padding-right, var(--wp--custom--gap--horizontal)));padding-left:var(--wp--style--root--padding-left, var(--wp--custom--gap--horizontal))\">\n<div style=\"height:calc( 0.25 * var(--wp--style--root--padding-right, var(--wp--custom--gap--horizontal)))\" aria-hidden=\"true\" class=\"wp-block-spacer\"><\/div>\n\n\n\n<div class=\"wp-block-columns alignwide is-layout-flex wp-container-core-columns-is-layout-28f84493 wp-block-columns-is-layout-flex\">\n<div class=\"wp-block-column is-vertically-aligned-center is-layout-flow wp-block-column-is-layout-flow\">\n<p class=\"has-text-align-center\" style=\"margin-top:0;margin-right:0;margin-bottom:0;margin-left:0;padding-right:var(--wp--preset--spacing--20);padding-left:var(--wp--preset--spacing--20);font-size:clamp(14px, 0.875rem + ((1vw - 3.2px) * 0.417), 18px);\"><em>VooluBox O\u00dc on saanud kaasrahastuse EIS Starditoetuse toetusmeetme raames kogusummas 20 000\u20ac, et k\u00e4ivitada ettev\u00f5tte, luua uus t\u00e4ist\u00f6\u00f6ajaga t\u00f6\u00f6koht ning kasvatatada VooluBox O\u00dc kui alustava ettev\u00f5tte k\u00e4ibemahtu ja anda seel\u00e4bi oma panus Eesti majanduse arengusse.&nbsp;<\/em><\/p>\n\n\n\n<p><\/p>\n\n\n\n<p class=\"has-text-align-center\" style=\"margin-top:0;margin-right:0;margin-bottom:0;margin-left:0;font-size:clamp(14px, 0.875rem + ((1vw - 3.2px) * 0.417), 18px);\"><em>Projekti kestus 01.03.2025 \u2013 28.02.2027.<\/em><\/p>\n<\/div>\n\n\n\n<div class=\"wp-block-column is-vertically-aligned-center is-layout-flow wp-block-column-is-layout-flow\">\n<figure class=\"wp-block-image size-full\"><img loading=\"lazy\" decoding=\"async\" width=\"1022\" height=\"594\" src=\"https:\/\/voolubox.ee\/wp-content\/uploads\/2025\/11\/Kaasrahastanud_EL_kaksiklogod_EST_hor_color_RGB.png\" alt=\"\" class=\"wp-image-259\" srcset=\"https:\/\/voolubox.ee\/wp-content\/uploads\/2025\/11\/Kaasrahastanud_EL_kaksiklogod_EST_hor_color_RGB.png 1022w, https:\/\/voolubox.ee\/wp-content\/uploads\/2025\/11\/Kaasrahastanud_EL_kaksiklogod_EST_hor_color_RGB-300x174.png 300w, https:\/\/voolubox.ee\/wp-content\/uploads\/2025\/11\/Kaasrahastanud_EL_kaksiklogod_EST_hor_color_RGB-768x446.png 768w, https:\/\/voolubox.ee\/wp-content\/uploads\/2025\/11\/Kaasrahastanud_EL_kaksiklogod_EST_hor_color_RGB-600x349.png 600w\" sizes=\"auto, (max-width: 1022px) 100vw, 1022px\" \/><\/figure>\n<\/div>\n<\/div>\n\n\n\n<div style=\"height:calc( 0.25 * var(--wp--style--root--padding-right, var(--wp--custom--gap--horizontal)))\" aria-hidden=\"true\" class=\"wp-block-spacer\"><\/div>\n<\/div>\n","protected":false},"excerpt":{"rendered":"<p>VooluBox on avatud uutele koost\u00f6\u00f6pakkumistele.\u00a0voolubox@gmail.com *Meil on kehtiv majandustegevusteade (nr. ELM000160) elektrienergia m\u00fc\u00fcjana (EMTAK 35151) tegutsemiseks. VooluBox O\u00dc on saanud kaasrahastuse EIS Starditoetuse toetusmeetme raames kogusummas 20 000\u20ac, et k\u00e4ivitada ettev\u00f5tte, luua uus t\u00e4ist\u00f6\u00f6ajaga t\u00f6\u00f6koht ning kasvatatada VooluBox O\u00dc kui alustava ettev\u00f5tte k\u00e4ibemahtu ja anda seel\u00e4bi oma panus Eesti majanduse arengusse.&nbsp; Projekti kestus 01.03.2025 \u2013 [&hellip;]<\/p>\n","protected":false},"author":1,"featured_media":0,"parent":0,"menu_order":0,"comment_status":"closed","ping_status":"closed","template":"page-with-title","meta":{"om_disable_all_campaigns":false,"_monsterinsights_skip_tracking":false,"_monsterinsights_sitenote_active":false,"_monsterinsights_sitenote_note":"","_monsterinsights_sitenote_category":0,"footnotes":""},"class_list":["post-245","page","type-page","status-publish","hentry"],"aioseo_notices":[],"jetpack_sharing_enabled":true,"_links":{"self":[{"href":"https:\/\/voolubox.ee\/avaleht\/wp-json\/wp\/v2\/pages\/245","targetHints":{"allow":["GET"]}}],"collection":[{"href":"https:\/\/voolubox.ee\/avaleht\/wp-json\/wp\/v2\/pages"}],"about":[{"href":"https:\/\/voolubox.ee\/avaleht\/wp-json\/wp\/v2\/types\/page"}],"author":[{"embeddable":true,"href":"https:\/\/voolubox.ee\/avaleht\/wp-json\/wp\/v2\/users\/1"}],"replies":[{"embeddable":true,"href":"https:\/\/voolubox.ee\/avaleht\/wp-json\/wp\/v2\/comments?post=245"}],"version-history":[{"count":26,"href":"https:\/\/voolubox.ee\/avaleht\/wp-json\/wp\/v2\/pages\/245\/revisions"}],"predecessor-version":[{"id":518,"href":"https:\/\/voolubox.ee\/avaleht\/wp-json\/wp\/v2\/pages\/245\/revisions\/518"}],"wp:attachment":[{"href":"https:\/\/voolubox.ee\/avaleht\/wp-json\/wp\/v2\/media?parent=245"}],"curies":[{"name":"wp","href":"https:\/\/api.w.org\/{rel}","templated":true}]}}