{"id":3,"date":"2025-10-15T15:07:16","date_gmt":"2025-10-15T15:07:16","guid":{"rendered":"https:\/\/voolubox.ee\/?page_id=3"},"modified":"2025-11-25T21:43:46","modified_gmt":"2025-11-25T21:43:46","slug":"privacy-policy","status":"publish","type":"page","link":"https:\/\/voolubox.ee\/avaleht\/privacy-policy\/","title":{"rendered":"Privaatsuspoliitika"},"content":{"rendered":"\n<h2 class=\"wp-block-heading has-tertiary-background-color has-background has-geom-font-family\">Privaatsuspoliitika<\/h2>\n\n\n\n<div class=\"wp-block-group has-global-padding is-layout-constrained wp-block-group-is-layout-constrained\">\n<p class=\"has-tertiary-background-color has-background has-geom-font-family\">VooluBox O\u00dc (edaspidi ,,VooluBox\u201c v\u00f5i \u201eme\u201c v\u00f5i \u201emeie\u201c) j\u00e4rgib k\u00e4esolevas privaatsuspoliitikas toodud n\u00f5udeid ja p\u00f5him\u00f5tteid. VooluBox O\u00dc jaoks on oluline isikute privaatsus ning isikuandmete kaitse ja seet\u00f5ttu oleme v\u00e4lja t\u00f6\u00f6tanud k\u00e4esoleva privaatsuspoliitika, mis s\u00e4testab isikuandmete t\u00f6\u00f6tlemise eesm\u00e4rgid, tingimused ning andmesubjektide isikuandmetega seonduvad \u00f5igused.<\/p>\n\n\n\n<p class=\"has-tertiary-background-color has-background has-geom-font-family\">VooluBox peab isikuandmete konfidentsiaalsena hoidmist ja kaitset v\u00e4ga oluliseks ja tagab isikuandmete t\u00f6\u00f6tlemise seaduslikkuse. Privaatsuspoliitika h\u00f5lmab isikuandmete t\u00f6\u00f6tlemist VooluBox poolt, muuhulgas ka isikuandmete t\u00f6\u00f6tlemist VooluBox veebilehel www.voolubox.ee<\/p>\n<\/div>\n\n\n\n<div class=\"wp-block-group has-global-padding is-layout-constrained wp-block-group-is-layout-constrained\">\n<h4 class=\"wp-block-heading has-tertiary-background-color has-background has-geom-font-family\"><strong>1. M\u00f5isted<\/strong><\/h4>\n\n\n\n<ul class=\"wp-block-list has-tertiary-background-color has-background\">\n<li class=\"has-geom-font-family\">1.1. Isikuandmed \u2013 t\u00e4hendab igasugust teavet tuvastatud v\u00f5i tuvastatava f\u00fc\u00fcsilise isiku (\u201eandmesubjekti\u201c) kohta; tuvastatav f\u00fc\u00fcsiline isik on isik, keda saab otseselt v\u00f5i kaudselt tuvastada, eelk\u00f5ige sellise identifitseerimistunnuse p\u00f5hjal nagu nimi, isikukood, asukohateave, v\u00f5rguidentifikaator v\u00f5i selle f\u00fc\u00fcsilise isiku \u00fche v\u00f5i mitme f\u00fc\u00fcsilise, f\u00fcsioloogilise, geneetilise, vaimse, majandusliku, kultuurilise v\u00f5i sotsiaalse tunnuse p\u00f5hjal;<\/li>\n\n\n\n<li class=\"has-geom-font-family\">1.2. Isikuandmete t\u00f6\u00f6tlemine \u2013 isikuandmete v\u00f5i nende kogumitega tehtav automatiseeritud v\u00f5i automatiseerimata toiming v\u00f5i toimingute kogum, nagu kogumine, dokumenteerimine, korrastamine, struktuuri muutmine, s\u00e4ilitamine, kohandamine, p\u00e4ringute tegemine, lugemine, kasutamine, edastamise, levitamise v\u00f5i muul moel k\u00e4ttesaadavaks tegemise teel avalikustamine, \u00fchitamine v\u00f5i \u00fchendamine, piiramine, kustutamine v\u00f5i h\u00e4vitamine<\/li>\n\n\n\n<li class=\"has-geom-font-family\">1.3. Vastutav t\u00f6\u00f6tleja \u2013 f\u00fc\u00fcsiline v\u00f5i juriidiline isik, avaliku sektori v\u00f5i KOV asutus kes on esmaseks isikuandmete kogujaks. Vastutav t\u00f6\u00f6tleja m\u00e4\u00e4rab kindlaks isikuandmete t\u00f6\u00f6tlemise eesm\u00e4rgid ja vahendid;<\/li>\n\n\n\n<li class=\"has-geom-font-family\">1.4. Volitatud t\u00f6\u00f6tleja \u2013 f\u00fc\u00fcsiline v\u00f5i juriidiline isik, avaliku sektori v\u00f5i KOV asutus, kes t\u00f6\u00f6tleb isikuandmeid vastutava t\u00f6\u00f6tleja \u00fclesandel ja tema juhendi alusel;<\/li>\n\n\n\n<li class=\"has-geom-font-family\">1.5. Kolmas isik \u2013 f\u00fc\u00fcsiline v\u00f5i juriidiline isik, avaliku sektori v\u00f5i KOV asutus, amet v\u00f5i organ;<\/li>\n\n\n\n<li class=\"has-geom-font-family\">1.6. Isikuandmetega seotud rikkumine \u2013 n\u00f5uete rikkumine, mis p\u00f5hjustab edastatavate, salvestatud v\u00f5i muul viisil t\u00f6\u00f6deldavate isikuandmete juhusliku v\u00f5i ebaseadusliku h\u00e4vitamise, kaotsimineku, muutmise v\u00f5i loata avalikustamise v\u00f5i neile juurdep\u00e4\u00e4su;<\/li>\n\n\n\n<li class=\"has-geom-font-family\">1.7. Andmesubjekt \u2013 isik, kelle isikuandmeid t\u00f6\u00f6deldakse (n\u00e4iteks f\u00fc\u00fcsilisest isikust klient, veebilehe kasutaja v\u00f5i kliendi kontaktisik).<\/li>\n<\/ul>\n<\/div>\n\n\n\n<div class=\"wp-block-group has-global-padding is-layout-constrained wp-block-group-is-layout-constrained\">\n<h4 class=\"wp-block-heading has-tertiary-background-color has-background has-geom-font-family\"><strong>2. P\u00f5him\u00f5tted<\/strong><\/h4>\n\n\n\n<ul class=\"wp-block-list has-tertiary-background-color has-background\">\n<li class=\"has-geom-font-family\">2.1. VooluBox O\u00dc ja meie nimel isikuandmeid t\u00f6\u00f6tlevad isikud l\u00e4htuvad isikuandmete t\u00f6\u00f6tlemisel j\u00e4rgmistest p\u00f5him\u00f5tetest:<\/li>\n\n\n\n<li class=\"has-geom-font-family\">2.1.1. seaduslikkuse, \u00f5igluse ja l\u00e4bipaistvuse p\u00f5him\u00f5te \u2013 t\u00f6\u00f6tlemine on seaduslik, \u00f5iglane ja andmesubjektile l\u00e4bipaistev;<\/li>\n\n\n\n<li class=\"has-geom-font-family\">2.1.2. eesm\u00e4rgi piirangu p\u00f5him\u00f5te \u2013 isikuandmeid kogutakse t\u00e4pselt ja selgelt kindlaks m\u00e4\u00e4ratud ning \u00f5igusp\u00e4rastel eesm\u00e4rkidel ning neid ei t\u00f6\u00f6delda hiljem viisil, mis on nende eesm\u00e4rkidega vastuolus;<\/li>\n\n\n\n<li class=\"has-geom-font-family\">2.1.3. v\u00f5imalikult v\u00e4heste andmete kogumise p\u00f5him\u00f5te \u2013 isikuandmed on asjakohased, olulised ja piiratud sellega, mis on vajalik nende t\u00f6\u00f6tlemise eesm\u00e4rgi seisukohalt;<\/li>\n\n\n\n<li class=\"has-geom-font-family\">2.1.4. \u00f5igsuse p\u00f5him\u00f5te \u2013 isikuandmed on \u00f5iged ja vajaduse korral ajakohastatud ning v\u00f5etakse k\u00f5ik m\u00f5istlikud meetmed, et t\u00f6\u00f6tlemise eesm\u00e4rgi seisukohast eba\u00f5iged isikuandmed kustutaks v\u00f5i parandataks viivitamata;<\/li>\n\n\n\n<li class=\"has-geom-font-family\">2.1.5. s\u00e4ilitamise piirangu p\u00f5him\u00f5te \u2013 isikuandmeid s\u00e4ilitatakse kujul, mis v\u00f5imaldab andmesubjekte tuvastada ainult seni, kuni see on vajalik selle eesm\u00e4rgi t\u00e4itmiseks, milleks isikuandmeid t\u00f6\u00f6deldakse;<\/li>\n\n\n\n<li class=\"has-geom-font-family\">2.1.6. usaldusv\u00e4\u00e4rsuse ja konfidentsiaalsuse p\u00f5him\u00f5te \u2013 isikuandmeid t\u00f6\u00f6deldakse viisil, mis tagab isikuandmete asjakohase turvalisuse, sealhulgas kaitseb loata v\u00f5i ebaseadusliku t\u00f6\u00f6tlemise eest ning juhusliku kaotamise, h\u00e4vitamise v\u00f5i kahjustumise eest, kasutades asjakohaseid tehnilisi v\u00f5i korralduslikke meetmeid.<\/li>\n<\/ul>\n<\/div>\n\n\n\n<div class=\"wp-block-group has-global-padding is-layout-constrained wp-block-group-is-layout-constrained\">\n<h4 class=\"wp-block-heading has-tertiary-background-color has-background has-geom-font-family\"><strong>3. Isikuandmete t\u00f6\u00f6tlemise turvalisus<\/strong><\/h4>\n\n\n\n<ul class=\"wp-block-list has-tertiary-background-color has-background has-geom-font-family\">\n<li>3.1. VooluBox rakendab isikuandmete kaitseks erinevaid organisatsioonilisi, f\u00fc\u00fcsilisi ja infotehnoloogilisi turvameetmeid l\u00e4htudes m\u00f5istlikkuse printsiibist, mis meetmete rakendamisel v\u00f5tab arvesse riski suurust.<\/li>\n\n\n\n<li>3.2. VooluBox on isikuandmete t\u00f6\u00f6tlemise turvalisuse tagamiseks kehtestanud juhised ja protseduurireeglid, mis meetmed h\u00f5lmavad t\u00f6\u00f6tajate, informatsiooni, IT-infrastruktuuri, ettev\u00f5tte siseste ja avalike v\u00f5rkude ning ka tehniliste seadmete kaitset.<\/li>\n\n\n\n<li>3.3. VooluBox tagab, et isikuandmetega kokku puutuvad isikud on saanud isikuandmete turvaliseks t\u00f6\u00f6tlemiseks juhendeid.<\/li>\n\n\n\n<li>3.4. VooluBox m\u00f5istab isikuandmete t\u00f6\u00f6tlemise turvalisuse tagamise olulisust, mist\u00f5ttu rakendab isikuandmete t\u00f6\u00f6tlemisele k\u00f5iki asjakohaseid administratiivseid ja tehnoloogilisi turvameetmeid.<\/li>\n\n\n\n<li>3.5. VooluBox v\u00f5ib teatud juhtudel kasutada isikuandmete t\u00f6\u00f6tlemiseks volitatud t\u00f6\u00f6tlejaid. VooluBox tagab, et volitatud t\u00f6\u00f6tlejad t\u00f6\u00f6tlevad isikuandmeid meie juhiste kohaselt ja koosk\u00f5las kohalduva \u00f5igusega ning rakendavad asjakohaseid turvameetmeid.<\/li>\n<\/ul>\n<\/div>\n\n\n\n<div class=\"wp-block-group has-global-padding is-layout-constrained wp-block-group-is-layout-constrained\">\n<h4 class=\"wp-block-heading has-tertiary-background-color has-background has-geom-font-family\"><strong>4. Isikuandmete t\u00f6\u00f6tlemise \u00f5iguslik alus<\/strong><\/h4>\n\n\n\n<ul class=\"wp-block-list has-tertiary-background-color has-background has-geom-font-family\">\n<li>4.1. VooluBox \u00a0t\u00f6\u00f6tleb isikuandmeid s\u00f5lmitud lepingu t\u00e4itmiseks ja t\u00e4itmise tagamiseks, seadusest tuleneva kohustuse t\u00e4itmiseks, \u00f5igustatud huvi korral v\u00f5i andmesubjekti n\u00f5usoleku alusel.<\/li>\n\n\n\n<li>4.1.1. Lepingu t\u00e4itmiseks ja t\u00e4itmise tagamiseks toimuv isikuandmete t\u00f6\u00f6tlemine rakendub sel juhul kui lubame lepingus s\u00e4testatud tulemust, millega seonduvad ka lepingupoolte \u00f5igused ja kohustused, ning seda ei ole v\u00f5imalik saavutada isikustatud isikuandmete t\u00f6\u00f6tlemist v\u00e4ltides.<\/li>\n\n\n\n<li>4.1.2. Seadusest tulenevate kohustuste t\u00e4itmiseks l\u00e4biviidav isikuandmete t\u00f6\u00f6tlemine toimub sellisel juhul kui VooluBox on kohustatud isikuandmeid t\u00f6\u00f6tlema, sest ettev\u00f5ttelt n\u00f5utakse seda kohalduva seadusega, n\u00e4iteks t\u00f6\u00f6lepingu seadus, rahapesu ja terrorismi rahastamise t\u00f5kestamise seadus v\u00f5i raamatupidamise seadus.<\/li>\n\n\n\n<li>4.1.3. \u00d5igustatud huvi isikuandmete t\u00f6\u00f6tlemise seadusliku alusena t\u00e4hendab seda, et eelk\u00f5ige kvaliteetsema teenuse osutamise ning \u00e4ritegevuse edendamise eesm\u00e4rgil t\u00f6\u00f6tleme andmesubjekti isikuandmeid, pidades silmas andmesubjekti p\u00f5hi\u00f5igusi ja \u2013vabadusi. Isikuandmete t\u00f6\u00f6tlemisel \u00f5igustatud huvi alusel on oluline tagada proportsionaalsus VooluBox\u2019i \u00f5igustatud huvi ja andmesubjekti \u00f5iguste vahel. \u00d5igustatud huvi tuvastamiseks l\u00e4bib VooluBox kolmeastmelise testi: huvikontroll ehk eesm\u00e4rgi test, vajalikkuse test ning tasakaalutest.<\/li>\n\n\n\n<li>4.1.4. N\u00f5usoleku alusel isikuandmete t\u00f6\u00f6tlemisel t\u00f6\u00f6tleme isikuandmeid vaid andmesubjekti teavitatud n\u00f5usolekul konkreetsete eesm\u00e4rkide ulatuses. Andmesubjekt annab n\u00f5usoleku isikuandmete t\u00f6\u00f6tlemiseks teavitatud eesm\u00e4rkideks vabatahtlikult, konkreetselt, teadlikult ja \u00fchem\u00f5tteliselt n\u00e4iteks lahtri m\u00e4rgistamise kaudu.<\/li>\n<\/ul>\n<\/div>\n\n\n\n<div class=\"wp-block-group has-global-padding is-layout-constrained wp-block-group-is-layout-constrained\">\n<h4 class=\"wp-block-heading has-tertiary-background-color has-background has-geom-font-family\"><strong>5. Vastutav v\u00f5i volitatud t\u00f6\u00f6tleja ja andmete kogumine<\/strong><\/h4>\n\n\n\n<ul class=\"wp-block-list has-tertiary-background-color has-background has-geom-font-family\">\n<li>5.1. VooluBox on erinevates isikuandmete t\u00f6\u00f6tlemise protsesside isikuandmete vastutavaks v\u00f5i volitatud t\u00f6\u00f6tlejaks ning VooluBox j\u00e4rgib isikuandmete konfidentsiaalsuse tagamise p\u00f5him\u00f5tteid ning avalikustab isikuandmeid vaid rangelt piiratud ulatuses, tagamaks isikute privaatsus\u00f5igusi.<\/li>\n\n\n\n<li>5.2. Isikuandmete muutmiseks ja t\u00f6\u00f6tlemiseks on ligip\u00e4\u00e4s ainult VooluBox\u2019i poolt volitatud isikutel.<\/li>\n\n\n\n<li>5.3. VooluBox t\u00f6\u00f6tleb isikuandmeid, mis on saadud otse andmesubjektilt (st isikult, kes on isikuandmed avaldanud) v\u00f5i kaudselt l\u00e4bi juriidilise isikust kliendi. Kaudselt, ilma andmesubjekti osaluseta saadud isikuandmeid t\u00f6\u00f6tleb VooluBox ainult siis, kui meil on vaja t\u00f6\u00f6delda isikuandmeid teenuse osutamiseks juriidilisest isikust kliendile.<\/li>\n<\/ul>\n<\/div>\n\n\n\n<div class=\"wp-block-group has-global-padding is-layout-constrained wp-block-group-is-layout-constrained\">\n<h4 class=\"wp-block-heading has-tertiary-background-color has-background has-geom-font-family\"><strong>6. Isikuandmete liigid<\/strong><\/h4>\n\n\n\n<ul class=\"wp-block-list has-tertiary-background-color has-background has-geom-font-family\">\n<li>6.1. isikuandmed: ees- ja perekonnanimi, isikukood;<\/li>\n\n\n\n<li>6.2. kontaktandmed: e-posti aadress, kontakttelefon, postiaadress (elukoha aadress);<\/li>\n\n\n\n<li>6.3. kaudselt saadud isikuandmed, mis teenuse osutamise k\u00e4igus v\u00f5ivad teatavaks saada: kliendi automark, kliendi s\u00f5iduki registreerimisnumber<\/li>\n\n\n\n<li>6.4. internetiandmed: kasutusseansi andmed, k\u00fcpsised, veebilehe logiandmed ja IP aadressid.<\/li>\n<\/ul>\n<\/div>\n\n\n\n<div class=\"wp-block-group has-global-padding is-layout-constrained wp-block-group-is-layout-constrained\">\n<h4 class=\"wp-block-heading has-tertiary-background-color has-background has-geom-font-family\"><strong>7. Isikuandmete t\u00f6\u00f6tlemise eesm\u00e4rgid<\/strong><\/h4>\n\n\n\n<ul class=\"wp-block-list has-tertiary-background-color has-background has-geom-font-family\">\n<li>7.1. K\u00e4esoleva privaatsuspoliitika punktis 6 nimetatud isikuandmete t\u00f6\u00f6tlemise eesm\u00e4rgiks on:<\/li>\n\n\n\n<li>7.1.1. kvaliteetse laadimisteenuse osutamine;<\/li>\n\n\n\n<li>7.1.2. infokirjade saatmine ja kliendi rahulolu uuringute l\u00e4biviimine;<\/li>\n\n\n\n<li>7.1.3. ostu-ja m\u00fc\u00fcgiarvete t\u00f6\u00f6tlemine;<\/li>\n\n\n\n<li>7.1.4. kehtivatest \u00f5igusaktidest tulenevate n\u00f5uete t\u00e4itmine.<\/li>\n<\/ul>\n<\/div>\n\n\n\n<div class=\"wp-block-group has-global-padding is-layout-constrained wp-block-group-is-layout-constrained\">\n<h4 class=\"wp-block-heading has-tertiary-background-color has-background has-geom-font-family\"><strong>8. Isikuandmete s\u00e4ilitamine<\/strong><\/h4>\n\n\n\n<ul class=\"wp-block-list has-tertiary-background-color has-background has-geom-font-family\">\n<li>8.1. VooluBox s\u00e4ilitab isikuandmeid kujul, mis v\u00f5imaldab andmesubjekte tuvastada ainult seni, kuni see on vajalik selle eesm\u00e4rgi t\u00e4itmiseks, milleks isikuandmeid t\u00f6\u00f6deldakse, v\u00e4lja arvatud kui VooluBox\u2019il ei ole seadusest tulenevat n\u00f5uet, mis s\u00e4testaks teistsugused isikuandmete s\u00e4ilitamise t\u00e4htajad.<\/li>\n\n\n\n<li>8.3. VooluBox h\u00e4vitab ja\/v\u00f5i kustutab turvaliselt k\u00f5ik isikuandmed, mille s\u00e4ilitamiseks eesm\u00e4rk puudub v\u00f5i t\u00e4htaeg on m\u00f6\u00f6dunud.<\/li>\n<\/ul>\n<\/div>\n\n\n\n<div class=\"wp-block-group has-global-padding is-layout-constrained wp-block-group-is-layout-constrained\">\n<h4 class=\"wp-block-heading has-tertiary-background-color has-background has-geom-font-family\"><strong>9. Kolmandad isikud ja volitatud t\u00f6\u00f6tlejad<\/strong><\/h4>\n\n\n\n<ul class=\"wp-block-list has-tertiary-background-color has-background has-geom-font-family\">\n<li>9.1. VooluBox v\u00f5ib isikuandmeid, piiratud rangelt vajalikkusega eesm\u00e4rkidest l\u00e4htuvalt, edastada kolmandatele isikutele ja volitatud t\u00f6\u00f6tlejatele allj\u00e4rgnevatel eesm\u00e4rkidel:<\/li>\n\n\n\n<li>9.1.1. arvete v\u00e4ljastamiseks;<\/li>\n\n\n\n<li>9.1.2. kliendi andmebaasi pidamiseks;<\/li>\n\n\n\n<li>9.1.3. koost\u00f6\u00f6partneritele kvaliteetsema teenuse osutamiseks klientidele.<\/li>\n<\/ul>\n<\/div>\n\n\n\n<div class=\"wp-block-group has-global-padding is-layout-constrained wp-block-group-is-layout-constrained\">\n<h4 class=\"wp-block-heading has-tertiary-background-color has-background has-geom-font-family\"><strong>10. Andmesubjekti \u00f5igused<\/strong><\/h4>\n\n\n\n<ul class=\"wp-block-list has-tertiary-background-color has-background has-geom-font-family\">\n<li>10.1. Andmesubjektil on \u00f5igus saada teavet enda isikuandmete t\u00f6\u00f6tlemise kohta. Isikuandmete t\u00f6\u00f6tlemise kohta on VooluBox\u2019ilt v\u00f5imalus saada informatsiooni esitades kirjalik taotlus e-posti teel info.voolubox@gmail.com.<\/li>\n\n\n\n<li>10.1.1. Kui inimene esitab isikuandmete p\u00e4ringu peab VooluBox veenduma, et tegemist on just selle isikuga, kellel on \u00f5igus vastavaid andmeid saada. Seet\u00f5ttu peab andmete taotleja vajadusel oma isikusamasust v\u00f5i andmete taotlemise \u00f5igust t\u00f5endama.<\/li>\n\n\n\n<li>10.2. Andmesubjektil on \u00f5igus isikuandmete kustutamisele juhul kui isikuandmete t\u00f6\u00f6tlemine toimub n\u00f5usoleku alusel.<\/li>\n\n\n\n<li>10.3. Andmesubjektil on \u00f5igus teha p\u00e4ringuid teda puudutavate isikuandmete kohta, mida ta on VooluBox\u2019ile esitanud.<\/li>\n\n\n\n<li>10.4. Andmesubjektil on \u00f5igus isikuandmete t\u00f6\u00f6tlemise piiramisele.<\/li>\n\n\n\n<li>10.5. Andmesubjektil on \u00f5igus esitada kaebus isikuandmete t\u00f6\u00f6tlemise kohta Andmekaitse Inspektsioonile.<\/li>\n<\/ul>\n<\/div>\n\n\n\n<div class=\"wp-block-group has-global-padding is-layout-constrained wp-block-group-is-layout-constrained\">\n<h4 class=\"wp-block-heading has-tertiary-background-color has-background has-geom-font-family\"><strong>11. K\u00fcpsised<\/strong><\/h4>\n\n\n\n<ul class=\"wp-block-list has-tertiary-background-color has-background has-geom-font-family\">\n<li>11.1. K\u00fcpsis on v\u00e4ike tekstifail, mille veebilehitseja automaatselt isiku kasutatavasse seadmesse salvestab.<\/li>\n\n\n\n<li>11.2. VooluBox O\u00dc hallatav veebileht www.voolubox.ee kasutab k\u00fcpsiseid, et j\u00e4lgida veebilehe toimimist, teha isikute kasutajakogemus veebilehel mugavamaks ja kasutamine sujuvamaks ning taas turunduseks.<\/li>\n\n\n\n<li>11.3. Lisaks kasutame k\u00fcpsiseid anon\u00fc\u00fcmse ja \u00fcldistatud statistika kogumiseks veebilehe k\u00fclastajate arvu kohta, infot kuidas veebilehte kasutatakse, selleks, et muuta veebilehti veelgi kasutajas\u00f5bralikumaks ja paremaks.<\/li>\n\n\n\n<li>11.4. VooluBox O\u00dc hallatav veebileht www.voolubox.ee kasutab j\u00e4rgnevaid k\u00fcpsiseid:<\/li>\n\n\n\n<li>11.4.1. Fb Pixel k\u00fcpsised Facebooki vahendusel reklaami suunamiseks ning reklaamivoo anal\u00fc\u00fcsimiseks, mis toob kaasa isiku veebiliikluse j\u00e4lgimise Facebooki poolt.List Item<\/li>\n\n\n\n<li>11.4.2. Google Analytics k\u00fcpsised Google\u2019i vahendusel reklaami suunamiseks ning reklaamivoo anal\u00fc\u00fcsimiseks, mis toob kaasa isiku veebiliikluse j\u00e4lgimise Google\u2019i poolt.<\/li>\n\n\n\n<li>11.4.3. K\u00f5ik eelmainitud k\u00fcpsised koguvad informatsiooni anon\u00fc\u00fcmselt.<\/li>\n\n\n\n<li>11.5. K\u00fcpsiste kasutamise mitten\u00f5ustumisega on v\u00f5imalik seadmes salvestatud k\u00fcpsised blokeerida. Selleks tuleb muuta veebilehitseja vastavaid seadmed. K\u00fcpsiste mittekasutamisel ei pruugi veebilehed korrektselt t\u00f6\u00f6tada ja k\u00f5ik teenused ei pruugi olla k\u00e4ttesaadavad.<\/li>\n\n\n\n<li>11.5.1. \u00dchtlasi on isikul v\u00f5imalik veebilehitseja s\u00e4tetest olemasolevaid k\u00fcpsiseid h\u00f5lpsalt eemaldada v\u00f5i koguni veebilehitseja l\u00e4htestada selleks, et eemaldada k\u00f5ik salvestatud k\u00fcpsised. Lugege rohkem k\u00fcpsiste haldamise ning kustutamise kohta j\u00e4rgnevalt lehelt: http:\/\/www.allaboutcookies.org.<\/li>\n<\/ul>\n<\/div>\n\n\n\n<div class=\"wp-block-group has-global-padding is-layout-constrained wp-block-group-is-layout-constrained\">\n<h4 class=\"wp-block-heading has-tertiary-background-color has-background has-geom-font-family\"><strong>12. Muudatused privaatsuspoliitikas<\/strong><\/h4>\n\n\n\n<ul class=\"wp-block-list has-tertiary-background-color has-background has-geom-font-family\">\n<li>12.1. Isikute privaatsus on meile oluline, mist\u00f5ttu VooluBox O\u00dc ajakohastab regulaarselt k\u00e4esolevat privaatsuspoliitikat. Veebilehtedel on alati avaldatud privaatsuspoliitika k\u00f5ige ajakohasem versioon.<\/li>\n\n\n\n<li>12.2. K\u00f5ikide isikuandmete t\u00f6\u00f6tlemist puudutavate k\u00fcsimuste, murede v\u00f5i ettepanekutega on v\u00f5imalik \u00fchendust v\u00f5tta vastutava t\u00f6\u00f6tlejaga j\u00e4rgnevatel kontaktidel: VooluBox O\u00dc, info.voolubox@gmail.com<\/li>\n<\/ul>\n<\/div>\n","protected":false},"excerpt":{"rendered":"<p>Privaatsuspoliitika VooluBox O\u00dc (edaspidi ,,VooluBox\u201c v\u00f5i \u201eme\u201c v\u00f5i \u201emeie\u201c) j\u00e4rgib k\u00e4esolevas privaatsuspoliitikas toodud n\u00f5udeid ja p\u00f5him\u00f5tteid. VooluBox O\u00dc jaoks on oluline isikute privaatsus ning isikuandmete kaitse ja seet\u00f5ttu oleme v\u00e4lja t\u00f6\u00f6tanud k\u00e4esoleva privaatsuspoliitika, mis s\u00e4testab isikuandmete t\u00f6\u00f6tlemise eesm\u00e4rgid, tingimused ning andmesubjektide isikuandmetega seonduvad \u00f5igused. VooluBox peab isikuandmete konfidentsiaalsena hoidmist ja kaitset v\u00e4ga oluliseks ja tagab [&hellip;]<\/p>\n","protected":false},"author":1,"featured_media":0,"parent":0,"menu_order":0,"comment_status":"closed","ping_status":"open","template":"","meta":{"om_disable_all_campaigns":false,"_monsterinsights_skip_tracking":false,"_monsterinsights_sitenote_active":false,"_monsterinsights_sitenote_note":"","_monsterinsights_sitenote_category":0,"footnotes":""},"class_list":["post-3","page","type-page","status-publish","hentry"],"aioseo_notices":[],"jetpack_sharing_enabled":true,"_links":{"self":[{"href":"https:\/\/voolubox.ee\/avaleht\/wp-json\/wp\/v2\/pages\/3","targetHints":{"allow":["GET"]}}],"collection":[{"href":"https:\/\/voolubox.ee\/avaleht\/wp-json\/wp\/v2\/pages"}],"about":[{"href":"https:\/\/voolubox.ee\/avaleht\/wp-json\/wp\/v2\/types\/page"}],"author":[{"embeddable":true,"href":"https:\/\/voolubox.ee\/avaleht\/wp-json\/wp\/v2\/users\/1"}],"replies":[{"embeddable":true,"href":"https:\/\/voolubox.ee\/avaleht\/wp-json\/wp\/v2\/comments?post=3"}],"version-history":[{"count":2,"href":"https:\/\/voolubox.ee\/avaleht\/wp-json\/wp\/v2\/pages\/3\/revisions"}],"predecessor-version":[{"id":446,"href":"https:\/\/voolubox.ee\/avaleht\/wp-json\/wp\/v2\/pages\/3\/revisions\/446"}],"wp:attachment":[{"href":"https:\/\/voolubox.ee\/avaleht\/wp-json\/wp\/v2\/media?parent=3"}],"curies":[{"name":"wp","href":"https:\/\/api.w.org\/{rel}","templated":true}]}}