{"id":61,"date":"2025-10-15T19:30:16","date_gmt":"2025-10-15T19:30:16","guid":{"rendered":"https:\/\/voolubox.ee\/%d0%b3%d0%bb%d0%b0%d0%b2%d0%bd%d0%b0%d1%8f\/"},"modified":"2026-04-02T07:49:49","modified_gmt":"2026-04-02T07:49:49","slug":"voolubox","status":"publish","type":"page","link":"https:\/\/voolubox.ee\/avaleht\/","title":{"rendered":"VooluBox"},"content":{"rendered":"\n<div class=\"wp-block-group alignfull has-background is-layout-flow wp-block-group-is-layout-flow\" style=\"background-color:#3bb4bb;margin-top:0;margin-bottom:0;padding-top:0;padding-right:0;padding-bottom:var(--wp--preset--spacing--40);padding-left:0\">\n<figure class=\"wp-block-gallery has-nested-images columns-default is-cropped wp-block-gallery-1 is-layout-flex wp-block-gallery-is-layout-flex\">\n<figure class=\"wp-block-image aligncenter size-full has-custom-border\" style=\"margin-right:0;margin-left:0\"><img loading=\"lazy\" decoding=\"async\" width=\"1173\" height=\"822\" data-id=\"618\" src=\"https:\/\/voolubox.ee\/wp-content\/uploads\/2026\/01\/IMG_6371-1.jpg\" alt=\"\" class=\"wp-image-618\" style=\"border-style:none;border-width:0px;border-top-left-radius:0rem;border-top-right-radius:0rem;border-bottom-left-radius:0rem;border-bottom-right-radius:0rem\" srcset=\"https:\/\/voolubox.ee\/wp-content\/uploads\/2026\/01\/IMG_6371-1.jpg 1173w, https:\/\/voolubox.ee\/wp-content\/uploads\/2026\/01\/IMG_6371-1-300x210.jpg 300w, https:\/\/voolubox.ee\/wp-content\/uploads\/2026\/01\/IMG_6371-1-1024x718.jpg 1024w, https:\/\/voolubox.ee\/wp-content\/uploads\/2026\/01\/IMG_6371-1-768x538.jpg 768w, https:\/\/voolubox.ee\/wp-content\/uploads\/2026\/01\/IMG_6371-1-600x420.jpg 600w\" sizes=\"auto, (max-width: 1173px) 100vw, 1173px\" \/><\/figure>\n<\/figure>\n<\/div>\n\n\n\n<div class=\"wp-block-group alignfull has-tertiary-background-color has-background has-global-padding is-layout-constrained wp-container-core-group-is-layout-fb85e995 wp-block-group-is-layout-constrained\" style=\"margin-top:0;margin-bottom:0;padding-top:var(--wp--preset--spacing--60);padding-right:var(--wp--preset--spacing--30);padding-bottom:var(--wp--preset--spacing--60);padding-left:var(--wp--preset--spacing--30)\">\n<div class=\"wp-block-group alignwide has-global-padding is-content-justification-center is-layout-constrained wp-block-group-is-layout-constrained\">\n<h2 class=\"wp-block-heading has-text-align-center has-geom-font-family has-x-large-font-size\">VooluBox toob energia sinuni<\/h2>\n\n\n\n<p class=\"has-text-align-center has-geom-font-family\">VooluBox pakub uudset lahendust elektris\u00f5idukite mobiilseks kiirlaadimiseks. <\/p>\n\n\n\n<p class=\"has-text-align-center has-geom-font-family\">Paigaldasime laadija&nbsp;otse kaubikusse, mis v\u00f5imaldab meil pakkuda t\u00f5elist \u201cratastel\u201d laadimisteenust \u2013 mugav ja paindlik viis elektriautode laadimiseks igal pool, kus te seda vajate.<\/p>\n<\/div>\n\n\n\n<div class=\"wp-block-columns alignwide is-layout-flex wp-container-core-columns-is-layout-5b525043 wp-block-columns-is-layout-flex\">\n<div class=\"wp-block-column is-vertically-aligned-stretch is-layout-flow wp-block-column-is-layout-flow\">\n<div class=\"wp-block-group has-background has-global-padding is-layout-constrained wp-container-core-group-is-layout-f90d3be4 wp-block-group-is-layout-constrained\" style=\"border-radius:1rem;background-color:#d6bb6c;min-height:100%;padding-top:var(--wp--preset--spacing--40);padding-right:var(--wp--preset--spacing--30);padding-bottom:var(--wp--preset--spacing--40);padding-left:var(--wp--preset--spacing--30)\">\n<figure class=\"wp-block-image aligncenter size-full is-resized\"><img loading=\"lazy\" decoding=\"async\" width=\"500\" height=\"333\" src=\"https:\/\/voolubox.ee\/wp-content\/uploads\/2025\/11\/IMG_0037-removebg-preview-edited.png\" alt=\"\" class=\"wp-image-408\" style=\"width:141px;height:auto\" srcset=\"https:\/\/voolubox.ee\/wp-content\/uploads\/2025\/11\/IMG_0037-removebg-preview-edited.png 500w, https:\/\/voolubox.ee\/wp-content\/uploads\/2025\/11\/IMG_0037-removebg-preview-edited-300x200.png 300w\" sizes=\"auto, (max-width: 500px) 100vw, 500px\" \/><\/figure>\n\n\n\n<h3 class=\"wp-block-heading has-text-align-center\" style=\"margin-top:24px;font-size:clamp(18.959px, 1.185rem + ((1vw - 3.2px) * 1.15), 30px);line-height:1.5\">Mobiilne ja paindlik<\/h3>\n\n\n\n<p class=\"has-text-align-center has-background\" style=\"background-color:#d6bb6c;margin-top:0px;font-size:clamp(0.875rem, 0.875rem + ((1vw - 0.2rem) * 0.042), 0.9rem);\"><strong>Meie liikuv laadimisjaam saab laadima tulla igal ajal ja igasse kohta. Teenuse tellimine on vaid \u00fche k\u00f5ne\/s\u00f5numi kaugusel. <\/strong><\/p>\n<\/div>\n<\/div>\n\n\n\n<div class=\"wp-block-column is-vertically-aligned-stretch is-layout-flow wp-block-column-is-layout-flow\">\n<div class=\"wp-block-group has-background has-global-padding is-layout-constrained wp-container-core-group-is-layout-62d94814 wp-block-group-is-layout-constrained\" style=\"border-radius:1rem;background-color:#d6bb6c;min-height:100%;padding-top:var(--wp--preset--spacing--40);padding-right:var(--wp--preset--spacing--30);padding-bottom:var(--wp--preset--spacing--40);padding-left:var(--wp--preset--spacing--30)\">\n<figure class=\"wp-block-image aligncenter size-full is-resized ext-aspect-landscape wp-duotone-unset-2\"><img loading=\"lazy\" decoding=\"async\" width=\"532\" height=\"469\" src=\"https:\/\/voolubox.ee\/wp-content\/uploads\/2025\/11\/IMG_0038-removebg-preview.png\" alt=\"\" class=\"wp-image-407\" style=\"object-fit:cover;width:118px;height:auto\" srcset=\"https:\/\/voolubox.ee\/wp-content\/uploads\/2025\/11\/IMG_0038-removebg-preview.png 532w, https:\/\/voolubox.ee\/wp-content\/uploads\/2025\/11\/IMG_0038-removebg-preview-300x264.png 300w\" sizes=\"auto, (max-width: 532px) 100vw, 532px\" \/><\/figure>\n\n\n\n<h3 class=\"wp-block-heading has-text-align-center\" style=\"margin-top:24px;font-size:clamp(18.959px, 1.185rem + ((1vw - 3.2px) * 1.15), 30px);line-height:1.5\">Kiire ja turvaline <\/h3>\n\n\n\n<p class=\"has-text-align-center\" style=\"margin-top:8px;font-size:clamp(0.875rem, 0.875rem + ((1vw - 0.2rem) * 0.042), 0.9rem);\"><strong>VooluBox kasutab kaasaegset kiirlaadimisseadet, mis on sertifitseeritud ja vastab k\u00f5igile Euroopa Liidu n\u00f5uetele.<\/strong><\/p>\n<\/div>\n<\/div>\n\n\n\n<div class=\"wp-block-column is-vertically-aligned-stretch is-layout-flow wp-block-column-is-layout-flow\">\n<div class=\"wp-block-group has-background has-global-padding is-layout-constrained wp-container-core-group-is-layout-62d94814 wp-block-group-is-layout-constrained\" style=\"border-radius:1rem;background-color:#d6bb6c;min-height:100%;padding-top:var(--wp--preset--spacing--40);padding-right:var(--wp--preset--spacing--30);padding-bottom:var(--wp--preset--spacing--40);padding-left:var(--wp--preset--spacing--30)\">\n<figure class=\"wp-block-image aligncenter size-full is-resized ext-aspect-landscape wp-duotone-unset-3\"><img loading=\"lazy\" decoding=\"async\" width=\"393\" height=\"221\" src=\"https:\/\/voolubox.ee\/wp-content\/uploads\/2025\/12\/IMG_0107-removebg-preview-edited-1.png\" alt=\"\" class=\"wp-image-564\" style=\"aspect-ratio:1.7794476798797672;object-fit:cover;width:180px;height:auto\" srcset=\"https:\/\/voolubox.ee\/wp-content\/uploads\/2025\/12\/IMG_0107-removebg-preview-edited-1.png 393w, https:\/\/voolubox.ee\/wp-content\/uploads\/2025\/12\/IMG_0107-removebg-preview-edited-1-300x169.png 300w\" sizes=\"auto, (max-width: 393px) 100vw, 393px\" \/><\/figure>\n\n\n\n<h3 class=\"wp-block-heading has-text-align-center\" style=\"margin-top:24px;font-size:clamp(18.959px, 1.185rem + ((1vw - 3.2px) * 1.15), 30px);line-height:1.5\">Elektriautos\u00f5bralik<\/h3>\n\n\n\n<p class=\"has-text-align-center\" style=\"margin-top:8px;font-size:clamp(0.875rem, 0.875rem + ((1vw - 0.2rem) * 0.042), 0.9rem);\"><strong>Toetades elektriautode kasutuselev\u00f5ttu panustame \u00fchiskonna j\u00e4tkusuutlikkuse ja Eesti laadimistaristu arengusse. VooluBox v\u00f5imaldab laadida just nii palju kWh kui parasjagu vajad v\u00f5i soovid.<\/strong><\/p>\n<\/div>\n<\/div>\n<\/div>\n\n\n\n<div class=\"wp-block-buttons is-content-justification-center is-layout-flex wp-container-core-buttons-is-layout-f6b3a5b7 wp-block-buttons-is-layout-flex\">\n<div class=\"wp-block-button has-custom-width wp-block-button__width-75 is-style-fill\"><a class=\"wp-block-button__link has-primary-color has-text-color has-background has-link-color has-geom-font-family has-medium-font-size has-custom-font-size wp-element-button\" href=\"https:\/\/voolubox.ee\/meie-teenused\/\" style=\"border-width:3px;background-color:#d6bb6c;font-style:normal;font-weight:800\" target=\"_blank\" rel=\"noreferrer noopener\">TUTVU MEIE HINNAKIRJAGA<\/a><\/div>\n<\/div>\n<\/div>\n\n\n\n<div class=\"wp-block-group alignfull has-background has-global-padding is-layout-constrained wp-container-core-group-is-layout-68d5e5bb wp-block-group-is-layout-constrained\" id=\"vozmozhnosti\" style=\"background-color:#3bb4bb;margin-top:0;margin-bottom:0;padding-top:var(--wp--preset--spacing--50);padding-right:var(--wp--preset--spacing--30);padding-bottom:var(--wp--preset--spacing--60);padding-left:var(--wp--preset--spacing--30)\">\n<div class=\"wp-block-group alignwide is-vertical is-content-justification-center is-layout-flex wp-container-core-group-is-layout-ce155fab wp-block-group-is-layout-flex\">\n<div class=\"wp-block-group alignwide has-global-padding is-content-justification-left is-layout-constrained wp-container-core-group-is-layout-12dd3699 wp-block-group-is-layout-constrained\">\n<h2 class=\"wp-block-heading has-geom-font-family\" style=\"margin-top:12px;font-size:clamp(1.301rem, 1.301rem + ((1vw - 0.2rem) * 1.332), 2.1rem);text-transform:capitalize\">kiirlaadimisteenusest<\/h2>\n<\/div>\n<\/div>\n\n\n\n<div class=\"wp-block-columns alignwide is-layout-flex wp-container-core-columns-is-layout-28f84493 wp-block-columns-is-layout-flex\">\n<div class=\"wp-block-column is-vertically-aligned-stretch is-layout-flow wp-block-column-is-layout-flow\" style=\"flex-basis:66.66%\">\n<div class=\"wp-block-columns is-layout-flex wp-container-core-columns-is-layout-28f84493 wp-block-columns-is-layout-flex\">\n<div class=\"wp-block-column is-layout-flow wp-block-column-is-layout-flow\">\n<div class=\"wp-block-group has-tertiary-background-color has-background has-global-padding is-layout-constrained wp-container-core-group-is-layout-d299574f wp-block-group-is-layout-constrained\" style=\"border-radius:0.5rem;min-height:100%;padding-top:var(--wp--preset--spacing--30);padding-right:var(--wp--preset--spacing--30);padding-bottom:var(--wp--preset--spacing--30);padding-left:var(--wp--preset--spacing--30)\">\n<figure class=\"wp-block-image aligncenter size-full is-resized ext-aspect-landscape wp-duotone-unset-4\"><img loading=\"lazy\" decoding=\"async\" width=\"416\" height=\"312\" src=\"https:\/\/voolubox.ee\/wp-content\/uploads\/2025\/12\/Q-removebg-preview-edited.png\" alt=\"\" class=\"wp-image-581\" style=\"object-fit:cover;width:141px;height:auto\" srcset=\"https:\/\/voolubox.ee\/wp-content\/uploads\/2025\/12\/Q-removebg-preview-edited.png 416w, https:\/\/voolubox.ee\/wp-content\/uploads\/2025\/12\/Q-removebg-preview-edited-300x225.png 300w\" sizes=\"auto, (max-width: 416px) 100vw, 416px\" \/><\/figure>\n\n\n\n<p class=\"has-small-font-size\" style=\"margin-top:8px\"><strong>Aitame v\u00e4hendada laadimisulatusest tingitud \u00e4revust (range anxiety) ning toetame elektris\u00f5idukite kasutuselev\u00f5ttu Eestis.<\/strong><\/p>\n<\/div>\n<\/div>\n\n\n\n<div class=\"wp-block-column is-layout-flow wp-block-column-is-layout-flow\">\n<div class=\"wp-block-group has-tertiary-background-color has-background has-global-padding is-layout-constrained wp-container-core-group-is-layout-d299574f wp-block-group-is-layout-constrained\" style=\"border-radius:0.5rem;min-height:100%;padding-top:var(--wp--preset--spacing--30);padding-right:var(--wp--preset--spacing--30);padding-bottom:var(--wp--preset--spacing--30);padding-left:var(--wp--preset--spacing--30)\">\n<figure class=\"wp-block-image aligncenter size-full is-resized ext-aspect-landscape wp-duotone-unset-5\"><img loading=\"lazy\" decoding=\"async\" width=\"416\" height=\"277\" src=\"https:\/\/voolubox.ee\/wp-content\/uploads\/2025\/12\/nnn-removebg-preview-edited-2.png\" alt=\"\" class=\"wp-image-575\" style=\"aspect-ratio:1.5019246353322528;width:172px;height:auto\" srcset=\"https:\/\/voolubox.ee\/wp-content\/uploads\/2025\/12\/nnn-removebg-preview-edited-2.png 416w, https:\/\/voolubox.ee\/wp-content\/uploads\/2025\/12\/nnn-removebg-preview-edited-2-300x200.png 300w\" sizes=\"auto, (max-width: 416px) 100vw, 416px\" \/><\/figure>\n\n\n\n<p class=\"has-small-font-size\" style=\"margin-top:8px\"><strong>Kiirlaadimisteenus sobib nii autoabiks l\u00e4hima statsionaarse laadija j\u00f5udmiseks, olles alternatiiv puksiirteenusele, kui ka ette broneeritud mugavuslaadimiseks.<\/strong><\/p>\n<\/div>\n<\/div>\n<\/div>\n\n\n\n<div class=\"wp-block-columns are-vertically-aligned-center has-tertiary-background-color has-background is-layout-flex wp-container-core-columns-is-layout-7ee115f0 wp-block-columns-is-layout-flex\" style=\"border-radius:0.5rem;padding-top:0;padding-right:0;padding-bottom:0;padding-left:0\">\n<div class=\"wp-block-column is-vertically-aligned-center is-layout-flow wp-block-column-is-layout-flow\">\n<figure class=\"wp-block-image size-full is-resized has-custom-border\" style=\"margin-top:var(--wp--preset--spacing--20);margin-right:var(--wp--preset--spacing--20);margin-bottom:var(--wp--preset--spacing--20);margin-left:var(--wp--preset--spacing--20)\"><img loading=\"lazy\" decoding=\"async\" width=\"2560\" height=\"1920\" src=\"https:\/\/voolubox.ee\/wp-content\/uploads\/2025\/12\/IMG_4663-scaled.jpg\" alt=\"\" class=\"wp-image-468\" style=\"border-radius:0.5rem;aspect-ratio:1.7777777777777777;object-fit:cover;width:376px;height:auto\" srcset=\"https:\/\/voolubox.ee\/wp-content\/uploads\/2025\/12\/IMG_4663-scaled.jpg 2560w, https:\/\/voolubox.ee\/wp-content\/uploads\/2025\/12\/IMG_4663-300x225.jpg 300w, https:\/\/voolubox.ee\/wp-content\/uploads\/2025\/12\/IMG_4663-1024x768.jpg 1024w, https:\/\/voolubox.ee\/wp-content\/uploads\/2025\/12\/IMG_4663-768x576.jpg 768w, https:\/\/voolubox.ee\/wp-content\/uploads\/2025\/12\/IMG_4663-1536x1152.jpg 1536w\" sizes=\"auto, (max-width: 2560px) 100vw, 2560px\" \/><\/figure>\n<\/div>\n\n\n\n<div class=\"wp-block-column is-vertically-aligned-center is-layout-flow wp-block-column-is-layout-flow\">\n<div class=\"wp-block-group has-global-padding is-layout-constrained wp-container-core-group-is-layout-a35945ca wp-block-group-is-layout-constrained\" style=\"border-radius:0.5rem;padding-top:var(--wp--preset--spacing--30);padding-right:var(--wp--preset--spacing--30);padding-bottom:var(--wp--preset--spacing--30);padding-left:var(--wp--preset--spacing--30)\">\n<figure class=\"wp-block-image aligncenter size-full is-resized ext-aspect-landscape wp-duotone-unset-6\"><img loading=\"lazy\" decoding=\"async\" width=\"416\" height=\"416\" src=\"https:\/\/voolubox.ee\/wp-content\/uploads\/2025\/12\/R-removebg-preview-2-edited.png\" alt=\"\" class=\"wp-image-582\" style=\"object-fit:cover;width:112px;height:auto\" srcset=\"https:\/\/voolubox.ee\/wp-content\/uploads\/2025\/12\/R-removebg-preview-2-edited.png 416w, https:\/\/voolubox.ee\/wp-content\/uploads\/2025\/12\/R-removebg-preview-2-edited-300x300.png 300w, https:\/\/voolubox.ee\/wp-content\/uploads\/2025\/12\/R-removebg-preview-2-edited-150x150.png 150w, https:\/\/voolubox.ee\/wp-content\/uploads\/2025\/12\/R-removebg-preview-2-edited-100x100.png 100w\" sizes=\"auto, (max-width: 416px) 100vw, 416px\" \/><\/figure>\n\n\n\n<p class=\"has-small-font-size\" style=\"margin-top:8px\"><strong>Kiirlaadimine v\u00f5imsusega kuni 60 kW<\/strong>.<\/p>\n\n\n\n<p class=\"has-small-font-size\" style=\"margin-top:8px\"><strong>Energiamahtuvus kuni 64,51 kWh<\/strong>.<\/p>\n\n\n\n<p class=\"has-small-font-size\" style=\"margin-top:8px\"><strong>Meil on kasutusel CCS2 pistik ja CHAdeMO adapter <\/strong><\/p>\n<\/div>\n<\/div>\n<\/div>\n<\/div>\n\n\n\n<div class=\"wp-block-column is-vertically-aligned-stretch is-layout-flow wp-block-column-is-layout-flow\" style=\"flex-basis:33.33%\">\n<div class=\"wp-block-group has-tertiary-background-color has-background has-global-padding is-layout-constrained wp-container-core-group-is-layout-8f6f1862 wp-block-group-is-layout-constrained\" style=\"border-radius:0.5rem;min-height:83%;margin-top:0;margin-bottom:0;padding-top:0;padding-right:0;padding-bottom:0;padding-left:0\">\n<figure class=\"wp-block-image aligncenter size-large is-resized has-custom-border wp-duotone-unset-7\" style=\"margin-top:var(--wp--preset--spacing--20);margin-right:var(--wp--preset--spacing--20);margin-bottom:var(--wp--preset--spacing--20);margin-left:var(--wp--preset--spacing--20)\"><img loading=\"lazy\" decoding=\"async\" width=\"1024\" height=\"768\" src=\"https:\/\/voolubox.ee\/wp-content\/uploads\/2025\/10\/IMG_4640-1024x768.jpg\" alt=\"\" class=\"wp-image-215\" style=\"border-radius:0.5rem;width:329px;height:auto\" srcset=\"https:\/\/voolubox.ee\/wp-content\/uploads\/2025\/10\/IMG_4640-1024x768.jpg 1024w, https:\/\/voolubox.ee\/wp-content\/uploads\/2025\/10\/IMG_4640-300x225.jpg 300w, https:\/\/voolubox.ee\/wp-content\/uploads\/2025\/10\/IMG_4640-768x576.jpg 768w, https:\/\/voolubox.ee\/wp-content\/uploads\/2025\/10\/IMG_4640-1536x1152.jpg 1536w, https:\/\/voolubox.ee\/wp-content\/uploads\/2025\/10\/IMG_4640-2048x1536.jpg 2048w, https:\/\/voolubox.ee\/wp-content\/uploads\/2025\/10\/IMG_4640-600x450.jpg 600w\" sizes=\"auto, (max-width: 1024px) 100vw, 1024px\" \/><\/figure>\n\n\n\n<div class=\"wp-block-group has-global-padding is-layout-constrained wp-container-core-group-is-layout-80fb368b wp-block-group-is-layout-constrained\" style=\"padding-top:var(--wp--preset--spacing--30);padding-right:var(--wp--preset--spacing--30);padding-bottom:var(--wp--preset--spacing--30);padding-left:var(--wp--preset--spacing--30)\">\n<figure class=\"wp-block-image aligncenter size-full is-resized ext-aspect-landscape wp-duotone-unset-8\"><img loading=\"lazy\" decoding=\"async\" width=\"416\" height=\"416\" src=\"https:\/\/voolubox.ee\/wp-content\/uploads\/2025\/12\/D-removebg-preview-edited.png\" alt=\"\" class=\"wp-image-583\" style=\"object-fit:cover;width:115px;height:auto\" srcset=\"https:\/\/voolubox.ee\/wp-content\/uploads\/2025\/12\/D-removebg-preview-edited.png 416w, https:\/\/voolubox.ee\/wp-content\/uploads\/2025\/12\/D-removebg-preview-edited-300x300.png 300w, https:\/\/voolubox.ee\/wp-content\/uploads\/2025\/12\/D-removebg-preview-edited-150x150.png 150w, https:\/\/voolubox.ee\/wp-content\/uploads\/2025\/12\/D-removebg-preview-edited-100x100.png 100w\" sizes=\"auto, (max-width: 416px) 100vw, 416px\" \/><\/figure>\n\n\n\n<p class=\"has-small-font-size\" style=\"margin-top:8px\"><strong>Seade sisaldab 64,51 kWh liitium-raudfosfaatakut ja 60 kW laadimismoodulit, mille v\u00e4ljundpinge on 200\u2013750V DC. Seade t\u00f6\u00f6tab temperatuuril -30 kuni +60 \u00b0C<\/strong>.<\/p>\n<\/div>\n<\/div>\n<\/div>\n<\/div>\n<\/div>\n\n\n\n<div class=\"wp-block-group alignfull has-background has-global-padding is-layout-constrained wp-container-core-group-is-layout-2bc1b312 wp-block-group-is-layout-constrained\" id=\"kontakt\" style=\"background-color:#d6fff8ab;margin-top:0;margin-bottom:0;padding-top:var(--wp--preset--spacing--60);padding-bottom:var(--wp--preset--spacing--60)\">\n<div class=\"wp-block-group has-global-padding is-layout-constrained wp-block-group-is-layout-constrained\">\n<h2 class=\"wp-block-heading has-text-align-center has-geom-font-family\" style=\"font-size:clamp(1.301rem, 1.301rem + ((1vw - 0.2rem) * 1.332), 2.1rem);\">T\u00e4ida vorm ja me v\u00f5tame sinuga \u00fchendust!<\/h2>\n<\/div>\n\n\n\n<div class=\"wp-block-columns alignwide has-background-background-color has-background is-layout-flex wp-container-core-columns-is-layout-f3e73c6b wp-block-columns-is-layout-flex\" style=\"border-radius:1.5rem;padding-top:var(--wp--preset--spacing--30);padding-right:var(--wp--preset--spacing--30);padding-bottom:var(--wp--preset--spacing--30);padding-left:var(--wp--preset--spacing--30)\">\n<div class=\"wp-block-column is-layout-flow wp-block-column-is-layout-flow\">\n<div class=\"wp-block-cover is-light\" style=\"border-radius:1.5rem;min-height:456px;aspect-ratio:unset;\"><img loading=\"lazy\" decoding=\"async\" width=\"1024\" height=\"768\" class=\"wp-block-cover__image-background wp-image-500 size-large\" alt=\"\" src=\"https:\/\/voolubox.ee\/wp-content\/uploads\/2025\/12\/IMG_5671-1024x768.jpg\" data-object-fit=\"cover\" srcset=\"https:\/\/voolubox.ee\/wp-content\/uploads\/2025\/12\/IMG_5671-1024x768.jpg 1024w, https:\/\/voolubox.ee\/wp-content\/uploads\/2025\/12\/IMG_5671-300x225.jpg 300w, https:\/\/voolubox.ee\/wp-content\/uploads\/2025\/12\/IMG_5671-768x576.jpg 768w, https:\/\/voolubox.ee\/wp-content\/uploads\/2025\/12\/IMG_5671-1536x1152.jpg 1536w, https:\/\/voolubox.ee\/wp-content\/uploads\/2025\/12\/IMG_5671-2048x1536.jpg 2048w, https:\/\/voolubox.ee\/wp-content\/uploads\/2025\/12\/IMG_5671-600x450.jpg 600w\" sizes=\"auto, (max-width: 1024px) 100vw, 1024px\" \/><span aria-hidden=\"true\" class=\"wp-block-cover__background has-background-dim-0 has-background-dim\" style=\"background-color:#868c93\"><\/span><div class=\"wp-block-cover__inner-container is-layout-flow wp-block-cover-is-layout-flow\">\n<div style=\"height:0px\" aria-hidden=\"true\" class=\"wp-block-spacer\"><\/div>\n<\/div><\/div>\n<\/div>\n\n\n\n<div class=\"wp-block-column has-tertiary-background-color has-background is-layout-flow wp-block-column-is-layout-flow\" style=\"padding-top:var(--wp--preset--spacing--30);padding-right:var(--wp--preset--spacing--30);padding-bottom:var(--wp--preset--spacing--30);padding-left:var(--wp--preset--spacing--30)\"><div class=\"wp-block-jetpack-contact-form is-style-animated is-layout-flex wp-container-jetpack-contact-form-is-layout-2b4208ba wp-block-jetpack-contact-form-is-layout-flex\"><a href=\"https:\/\/voolubox.ee\/avaleht\/\" target=\"_blank\" rel=\"noopener noreferrer\">Submit a form.<\/a><\/div><\/div>\n<\/div>\n<\/div>\n","protected":false},"excerpt":{"rendered":"<p>VooluBox toob energia sinuni VooluBox pakub uudset lahendust elektris\u00f5idukite mobiilseks kiirlaadimiseks. Paigaldasime laadija&nbsp;otse kaubikusse, mis v\u00f5imaldab meil pakkuda t\u00f5elist \u201cratastel\u201d laadimisteenust \u2013 mugav ja paindlik viis elektriautode laadimiseks igal pool, kus te seda vajate. Mobiilne ja paindlik Meie liikuv laadimisjaam saab laadima tulla igal ajal ja igasse kohta. Teenuse tellimine on vaid \u00fche k\u00f5ne\/s\u00f5numi kaugusel. [&hellip;]<\/p>\n","protected":false},"author":1,"featured_media":214,"parent":0,"menu_order":0,"comment_status":"closed","ping_status":"closed","template":"no-title","meta":{"om_disable_all_campaigns":false,"_monsterinsights_skip_tracking":false,"_monsterinsights_sitenote_active":false,"_monsterinsights_sitenote_note":"","_monsterinsights_sitenote_category":0,"footnotes":""},"class_list":["post-61","page","type-page","status-publish","has-post-thumbnail","hentry"],"aioseo_notices":[],"jetpack_sharing_enabled":true,"_links":{"self":[{"href":"https:\/\/voolubox.ee\/avaleht\/wp-json\/wp\/v2\/pages\/61","targetHints":{"allow":["GET"]}}],"collection":[{"href":"https:\/\/voolubox.ee\/avaleht\/wp-json\/wp\/v2\/pages"}],"about":[{"href":"https:\/\/voolubox.ee\/avaleht\/wp-json\/wp\/v2\/types\/page"}],"author":[{"embeddable":true,"href":"https:\/\/voolubox.ee\/avaleht\/wp-json\/wp\/v2\/users\/1"}],"replies":[{"embeddable":true,"href":"https:\/\/voolubox.ee\/avaleht\/wp-json\/wp\/v2\/comments?post=61"}],"version-history":[{"count":68,"href":"https:\/\/voolubox.ee\/avaleht\/wp-json\/wp\/v2\/pages\/61\/revisions"}],"predecessor-version":[{"id":634,"href":"https:\/\/voolubox.ee\/avaleht\/wp-json\/wp\/v2\/pages\/61\/revisions\/634"}],"wp:featuredmedia":[{"embeddable":true,"href":"https:\/\/voolubox.ee\/avaleht\/wp-json\/wp\/v2\/media\/214"}],"wp:attachment":[{"href":"https:\/\/voolubox.ee\/avaleht\/wp-json\/wp\/v2\/media?parent=61"}],"curies":[{"name":"wp","href":"https:\/\/api.w.org\/{rel}","templated":true}]}}